{"id":335,"date":"2024-01-20T23:10:32","date_gmt":"2024-01-21T04:10:32","guid":{"rendered":"https:\/\/utubeando.com\/index.php\/pricing\/"},"modified":"2024-06-13T01:08:17","modified_gmt":"2024-06-13T06:08:17","slug":"pricing","status":"publish","type":"page","link":"https:\/\/utubeando.com\/index.php\/pricing\/","title":{"rendered":"SELECCIONE UNA MEMBRES\u00cdA"},"content":{"rendered":"\n<div class=\"wp-block-columns alignwide is-layout-flex wp-container-core-columns-is-layout-d2da2050 wp-block-columns-is-layout-flex\" style=\"margin-bottom:0\">\n<div class=\"wp-block-column has-border-color is-layout-constrained wp-container-core-column-is-layout-23b1a4dc wp-block-column-is-layout-constrained\" style=\"border-color:#7a838b;border-width:2px;padding-top:var(--wp--preset--spacing--30);padding-right:var(--wp--preset--spacing--30);padding-bottom:var(--wp--preset--spacing--30);padding-left:var(--wp--preset--spacing--30)\">\n<figure class=\"wp-block-image size-full\"><img loading=\"lazy\" decoding=\"async\" width=\"378\" height=\"1202\" src=\"https:\/\/utubeando.com\/wp-content\/uploads\/2024\/06\/MEMBRESIA_18b.png\" alt=\"\" class=\"wp-image-1053\" srcset=\"https:\/\/utubeando.com\/wp-content\/uploads\/2024\/06\/MEMBRESIA_18b.png 378w, https:\/\/utubeando.com\/wp-content\/uploads\/2024\/06\/MEMBRESIA_18b-94x300.png 94w, https:\/\/utubeando.com\/wp-content\/uploads\/2024\/06\/MEMBRESIA_18b-322x1024.png 322w, https:\/\/utubeando.com\/wp-content\/uploads\/2024\/06\/MEMBRESIA_18b-28x90.png 28w\" sizes=\"auto, (max-width: 378px) 100vw, 378px\" \/><\/figure>\n\n\n\n<h2 class=\"wp-block-heading has-text-align-center has-text-color\" style=\"color:#7a838b;font-style:normal;font-weight:500\">UtubeAndo 1.8<\/h2>\n\n\n\n<h3 class=\"wp-block-heading has-text-align-center has-text-color\" style=\"color:#7a838b\">7,50$ \/ 7 DIAS<\/h3>\n\n\n\n<div class=\"wp-block-buttons is-content-justification-center is-layout-flex wp-container-core-buttons-is-layout-098cc607 wp-block-buttons-is-layout-flex\">\n<div class=\"wp-block-button has-custom-width wp-block-button__width-75 is-style-outline is-style-outline--1\"><a class=\"wp-block-button__link has-text-align-center wp-element-button\" href=\"https:\/\/utubeando.com\/index.php\/register-2\/?subscription_plan=326\" style=\"border-radius:0px\">ACCEDER<\/a><\/div>\n<\/div>\n\n\n\n<p class=\"has-text-align-center\"><strong>Cupones AQU\u00cd<\/strong><\/p>\n<\/div>\n\n\n\n<div class=\"wp-block-column has-border-color is-layout-constrained wp-container-core-column-is-layout-23b1a4dc wp-block-column-is-layout-constrained\" style=\"border-color:#7a838b;border-width:2px;padding-top:var(--wp--preset--spacing--30);padding-right:var(--wp--preset--spacing--30);padding-bottom:var(--wp--preset--spacing--30);padding-left:var(--wp--preset--spacing--30)\">\n<figure class=\"wp-block-image size-full\"><img loading=\"lazy\" decoding=\"async\" width=\"378\" height=\"1202\" src=\"https:\/\/utubeando.com\/wp-content\/uploads\/2024\/06\/MEMBRESIA_19b.png\" alt=\"\" class=\"wp-image-1051\" srcset=\"https:\/\/utubeando.com\/wp-content\/uploads\/2024\/06\/MEMBRESIA_19b.png 378w, https:\/\/utubeando.com\/wp-content\/uploads\/2024\/06\/MEMBRESIA_19b-94x300.png 94w, https:\/\/utubeando.com\/wp-content\/uploads\/2024\/06\/MEMBRESIA_19b-322x1024.png 322w, https:\/\/utubeando.com\/wp-content\/uploads\/2024\/06\/MEMBRESIA_19b-28x90.png 28w\" sizes=\"auto, (max-width: 378px) 100vw, 378px\" \/><\/figure>\n\n\n\n<h2 class=\"wp-block-heading has-text-align-center has-text-color\" style=\"color:#7a838b;font-style:normal;font-weight:500\">UtubeAndo 1.9<\/h2>\n\n\n\n<h3 class=\"wp-block-heading has-text-align-center has-text-color\" style=\"color:#7a838b\">24,95$ MES | 274,50 A\u00d1O<\/h3>\n\n\n\n<div class=\"wp-block-buttons is-content-justification-center is-layout-flex wp-container-core-buttons-is-layout-098cc607 wp-block-buttons-is-layout-flex\">\n<div class=\"wp-block-button has-custom-width wp-block-button__width-75 is-style-outline is-style-outline--2\"><a class=\"wp-block-button__link has-text-align-center wp-element-button\" href=\"https:\/\/utubeando.com\/index.php\/register-2\/?subscription_plan=489\" style=\"border-radius:0px\">ACCEDER<\/a><\/div>\n<\/div>\n\n\n\n<p class=\"has-text-align-center\"><strong>NO Acepta Cupones<\/strong><\/p>\n<\/div>\n\n\n\n<div class=\"wp-block-column has-border-color is-layout-constrained wp-container-core-column-is-layout-23b1a4dc wp-block-column-is-layout-constrained\" style=\"border-color:#7a838b;border-width:2px;padding-top:var(--wp--preset--spacing--30);padding-right:var(--wp--preset--spacing--30);padding-bottom:var(--wp--preset--spacing--30);padding-left:var(--wp--preset--spacing--30)\">\n<figure class=\"wp-block-image size-full\"><img loading=\"lazy\" decoding=\"async\" width=\"378\" height=\"1202\" src=\"https:\/\/utubeando.com\/wp-content\/uploads\/2024\/06\/MEMBRESIA_20b.png\" alt=\"\" class=\"wp-image-1050\" srcset=\"https:\/\/utubeando.com\/wp-content\/uploads\/2024\/06\/MEMBRESIA_20b.png 378w, https:\/\/utubeando.com\/wp-content\/uploads\/2024\/06\/MEMBRESIA_20b-94x300.png 94w, https:\/\/utubeando.com\/wp-content\/uploads\/2024\/06\/MEMBRESIA_20b-322x1024.png 322w, https:\/\/utubeando.com\/wp-content\/uploads\/2024\/06\/MEMBRESIA_20b-28x90.png 28w\" sizes=\"auto, (max-width: 378px) 100vw, 378px\" \/><\/figure>\n\n\n\n<h2 class=\"wp-block-heading has-text-align-center has-text-color\" style=\"color:#7a838b;font-style:normal;font-weight:500\">Revisi\u00f3n Personalizada<\/h2>\n\n\n\n<h3 class=\"wp-block-heading has-text-align-center has-text-color\" style=\"color:#7a838b\">34,95$ \/ MES<\/h3>\n\n\n\n<div class=\"wp-block-buttons is-content-justification-center is-layout-flex wp-container-core-buttons-is-layout-098cc607 wp-block-buttons-is-layout-flex\">\n<div class=\"wp-block-button has-custom-width wp-block-button__width-75 is-style-outline is-style-outline--3\"><a class=\"wp-block-button__link has-text-align-center wp-element-button\" href=\"https:\/\/utubeando.com\/index.php\/register-2\/?subscription_plan=365\" style=\"border-radius:0px\">ACCEDER<\/a><\/div>\n<\/div>\n\n\n\n<p class=\"has-text-align-center\"><strong>NO Acepta Cupones<\/strong><\/p>\n<\/div>\n<\/div>\n","protected":false},"excerpt":{"rendered":"<p>UtubeAndo 1.8 7,50$ \/ 7 DIAS Cupones AQU\u00cd UtubeAndo 1.9 24,95$ MES | 274,50 A\u00d1O NO Acepta Cupones Revisi\u00f3n Personalizada 34,95$ \/ MES NO Acepta Cupones<\/p>\n","protected":false},"author":1,"featured_media":0,"parent":0,"menu_order":0,"comment_status":"closed","ping_status":"closed","template":"","meta":{"_monsterinsights_skip_tracking":false,"_monsterinsights_sitenote_active":false,"_monsterinsights_sitenote_note":"","_monsterinsights_sitenote_category":0,"footnotes":""},"class_list":["post-335","page","type-page","status-publish","hentry"],"aioseo_notices":[],"_links":{"self":[{"href":"https:\/\/utubeando.com\/index.php\/wp-json\/wp\/v2\/pages\/335","targetHints":{"allow":["GET"]}}],"collection":[{"href":"https:\/\/utubeando.com\/index.php\/wp-json\/wp\/v2\/pages"}],"about":[{"href":"https:\/\/utubeando.com\/index.php\/wp-json\/wp\/v2\/types\/page"}],"author":[{"embeddable":true,"href":"https:\/\/utubeando.com\/index.php\/wp-json\/wp\/v2\/users\/1"}],"replies":[{"embeddable":true,"href":"https:\/\/utubeando.com\/index.php\/wp-json\/wp\/v2\/comments?post=335"}],"version-history":[{"count":48,"href":"https:\/\/utubeando.com\/index.php\/wp-json\/wp\/v2\/pages\/335\/revisions"}],"predecessor-version":[{"id":1078,"href":"https:\/\/utubeando.com\/index.php\/wp-json\/wp\/v2\/pages\/335\/revisions\/1078"}],"wp:attachment":[{"href":"https:\/\/utubeando.com\/index.php\/wp-json\/wp\/v2\/media?parent=335"}],"curies":[{"name":"wp","href":"https:\/\/api.w.org\/{rel}","templated":true}]}}