{"id":295,"date":"2024-01-15T14:49:39","date_gmt":"2024-01-15T19:49:39","guid":{"rendered":"https:\/\/utubeando.com\/?page_id=295"},"modified":"2025-05-03T15:22:13","modified_gmt":"2025-05-03T20:22:13","slug":"seo-test-1-8-premium","status":"publish","type":"page","link":"https:\/\/utubeando.com\/index.php\/seo-test-1-8-premium\/","title":{"rendered":"UtubeAndo 1.9 (PREMIUM)"},"content":{"rendered":"<p style=\"text-align: center\"><strong>Acceso RESTRINGIDO solo para MIEMBROS, <\/strong><\/p>\n<p style=\"text-align: center\"><strong>REG\u00cdSTRATE y CONVI\u00c9RTETE<\/strong><strong> en uno para ACCEDER a \u00e9sta <\/strong><strong>herramienta,<\/strong><\/p>\n<p><a href=\"https:\/\/utubeando.com\/index.php\/pricing\/\"><img loading=\"lazy\" decoding=\"async\" src=\"https:\/\/utubeando.com\/wp-content\/uploads\/2024\/03\/suscribete_a_la_pagina-300x93.png\" alt=\"\" width=\"300\" height=\"93\" class=\"alignnone wp-image-544 size-medium aligncenter\" srcset=\"https:\/\/utubeando.com\/wp-content\/uploads\/2024\/03\/suscribete_a_la_pagina-300x93.png 300w, https:\/\/utubeando.com\/wp-content\/uploads\/2024\/03\/suscribete_a_la_pagina-1024x318.png 1024w, https:\/\/utubeando.com\/wp-content\/uploads\/2024\/03\/suscribete_a_la_pagina-768x238.png 768w, https:\/\/utubeando.com\/wp-content\/uploads\/2024\/03\/suscribete_a_la_pagina-600x186.png 600w, https:\/\/utubeando.com\/wp-content\/uploads\/2024\/03\/suscribete_a_la_pagina-190x59.png 190w, https:\/\/utubeando.com\/wp-content\/uploads\/2024\/03\/suscribete_a_la_pagina-290x90.png 290w, https:\/\/utubeando.com\/wp-content\/uploads\/2024\/03\/suscribete_a_la_pagina.png 1280w\" sizes=\"auto, (max-width: 300px) 100vw, 300px\" \/><\/a><\/p>\n","protected":false},"excerpt":{"rendered":"<p>Acceso RESTRINGIDO solo para MIEMBROS, REG\u00cdSTRATE y CONVI\u00c9RTETE en uno para ACCEDER a \u00e9sta herramienta,<\/p>\n","protected":false},"author":1,"featured_media":0,"parent":0,"menu_order":0,"comment_status":"closed","ping_status":"closed","template":"","meta":{"_monsterinsights_skip_tracking":false,"_monsterinsights_sitenote_active":false,"_monsterinsights_sitenote_note":"","_monsterinsights_sitenote_category":0,"footnotes":""},"class_list":["post-295","page","type-page","status-publish","hentry"],"aioseo_notices":[],"_links":{"self":[{"href":"https:\/\/utubeando.com\/index.php\/wp-json\/wp\/v2\/pages\/295","targetHints":{"allow":["GET"]}}],"collection":[{"href":"https:\/\/utubeando.com\/index.php\/wp-json\/wp\/v2\/pages"}],"about":[{"href":"https:\/\/utubeando.com\/index.php\/wp-json\/wp\/v2\/types\/page"}],"author":[{"embeddable":true,"href":"https:\/\/utubeando.com\/index.php\/wp-json\/wp\/v2\/users\/1"}],"replies":[{"embeddable":true,"href":"https:\/\/utubeando.com\/index.php\/wp-json\/wp\/v2\/comments?post=295"}],"version-history":[{"count":23,"href":"https:\/\/utubeando.com\/index.php\/wp-json\/wp\/v2\/pages\/295\/revisions"}],"predecessor-version":[{"id":1180,"href":"https:\/\/utubeando.com\/index.php\/wp-json\/wp\/v2\/pages\/295\/revisions\/1180"}],"wp:attachment":[{"href":"https:\/\/utubeando.com\/index.php\/wp-json\/wp\/v2\/media?parent=295"}],"curies":[{"name":"wp","href":"https:\/\/api.w.org\/{rel}","templated":true}]}}