{"id":141,"date":"2024-01-11T10:46:44","date_gmt":"2024-01-11T15:46:44","guid":{"rendered":"https:\/\/utubeando.com\/?page_id=141"},"modified":"2025-05-02T16:04:59","modified_gmt":"2025-05-02T21:04:59","slug":"evaluador-2-0-premium","status":"publish","type":"page","link":"https:\/\/utubeando.com\/index.php\/evaluador-2-0-premium\/","title":{"rendered":"Evaluaci\u00f3n SEO del Canal con I.A."},"content":{"rendered":"<div class=\"wp-block-image\">\n<figure class=\"aligncenter size-full is-resized\"><img loading=\"lazy\" decoding=\"async\" width=\"1024\" height=\"207\" src=\"https:\/\/utubeando.com\/wp-content\/uploads\/2024\/06\/herramienta_creativa_20_a.png\" alt=\"\" class=\"wp-image-980\" style=\"width:805px;height:auto\" srcset=\"https:\/\/utubeando.com\/wp-content\/uploads\/2024\/06\/herramienta_creativa_20_a.png 1024w, https:\/\/utubeando.com\/wp-content\/uploads\/2024\/06\/herramienta_creativa_20_a-300x61.png 300w, https:\/\/utubeando.com\/wp-content\/uploads\/2024\/06\/herramienta_creativa_20_a-768x155.png 768w, https:\/\/utubeando.com\/wp-content\/uploads\/2024\/06\/herramienta_creativa_20_a-600x121.png 600w, https:\/\/utubeando.com\/wp-content\/uploads\/2024\/06\/herramienta_creativa_20_a-190x38.png 190w, https:\/\/utubeando.com\/wp-content\/uploads\/2024\/06\/herramienta_creativa_20_a-445x90.png 445w\" sizes=\"auto, (max-width: 1024px) 100vw, 1024px\" \/><\/figure>\n<\/div>\n\n\n<p><strong>Revisi\u00f3n Personalizada 2.0 v\u00eda MEET se realizar\u00e1 con la herramienta m\u00e1s actualizada de Utubeando 2.0, donde evaluaremos:<\/strong><\/p>\n\n\n\n<p>Titulo Sugerido por el Utuber y en base a ese dato abordaremos los mecanismos de acci\u00f3n para obtener los resultados m\u00e1s cercanos a nuestra primera meta planteada que es el lanzamiento de un video y aparecer en Busquedas o en Funciones de Exploraci\u00f3n y Videos Sugeridos de YouTube seg\u00fan la estrategia a seguir y nicho del canal. Buscando obtener o potenciar la MONETIZACION.<\/p>\n\n\n\n<p>Tambi\u00e9n quedar\u00e1 programada en esa sesi\u00f3n virtual una segunda reuni\u00f3n por el mismo medio para evaluar los resultados obtenidos.<\/p>\n\n\n\n<p>El costo de este servicio ser\u00e1 de: 34,95$ por una primera sesi\u00f3n de revisi\u00f3n inicial de canal y que incluye su respectiva evaluaci\u00f3n de resultados 30 d\u00edas despu\u00e9s y as\u00ed proponer posibles acciones a tomar&#8230;<\/p>\n\n\n\n<p>Adem\u00e1s el d\u00eda de la sesi\u00f3n programada se le obsequiar\u00e1 la herramienta UtubeAndo 1.8 PRO para que pueda usarla para sus lanzamientos en solitario aplicando la metodolog\u00eda adquirida en la asesor\u00eda para afianzar sus habilidades y tomar la decisi\u00f3n de compra correcta en la herramienta.<\/p>\n\n\n\n<p>PARA SOLICITAR LA REVISI\u00d3N ESCRIBE A: <a href=\"mailto:info@utubeando.com \">info@utubeando.com <\/a> para programar el d\u00eda de atenci\u00f3n&#8230;<\/p>\n\n\n<div class=\"wp-block-image\">\n<figure class=\"aligncenter size-full is-resized\"><img loading=\"lazy\" decoding=\"async\" width=\"880\" height=\"628\" src=\"https:\/\/utubeando.com\/wp-content\/uploads\/2024\/01\/LOGO_transparente_blanco.png\" alt=\"\" class=\"wp-image-126\" style=\"width:204px;height:auto\" srcset=\"https:\/\/utubeando.com\/wp-content\/uploads\/2024\/01\/LOGO_transparente_blanco.png 880w, https:\/\/utubeando.com\/wp-content\/uploads\/2024\/01\/LOGO_transparente_blanco-300x214.png 300w, https:\/\/utubeando.com\/wp-content\/uploads\/2024\/01\/LOGO_transparente_blanco-768x548.png 768w, https:\/\/utubeando.com\/wp-content\/uploads\/2024\/01\/LOGO_transparente_blanco-600x428.png 600w\" sizes=\"auto, (max-width: 880px) 100vw, 880px\" \/><\/figure>\n<\/div>","protected":false},"excerpt":{"rendered":"<p>Revisi\u00f3n Personalizada 2.0 v\u00eda MEET se realizar\u00e1 con la herramienta m\u00e1s actualizada de Utubeando 2.0, donde evaluaremos: Titulo Sugerido por el Utuber y en base a ese dato abordaremos los mecanismos de acci\u00f3n para obtener los resultados m\u00e1s cercanos a nuestra primera meta planteada que es el lanzamiento de un [&hellip;]<\/p>\n","protected":false},"author":1,"featured_media":0,"parent":0,"menu_order":0,"comment_status":"closed","ping_status":"closed","template":"","meta":{"_monsterinsights_skip_tracking":false,"_monsterinsights_sitenote_active":false,"_monsterinsights_sitenote_note":"","_monsterinsights_sitenote_category":0,"footnotes":""},"class_list":["post-141","page","type-page","status-publish","hentry"],"aioseo_notices":[],"_links":{"self":[{"href":"https:\/\/utubeando.com\/index.php\/wp-json\/wp\/v2\/pages\/141","targetHints":{"allow":["GET"]}}],"collection":[{"href":"https:\/\/utubeando.com\/index.php\/wp-json\/wp\/v2\/pages"}],"about":[{"href":"https:\/\/utubeando.com\/index.php\/wp-json\/wp\/v2\/types\/page"}],"author":[{"embeddable":true,"href":"https:\/\/utubeando.com\/index.php\/wp-json\/wp\/v2\/users\/1"}],"replies":[{"embeddable":true,"href":"https:\/\/utubeando.com\/index.php\/wp-json\/wp\/v2\/comments?post=141"}],"version-history":[{"count":17,"href":"https:\/\/utubeando.com\/index.php\/wp-json\/wp\/v2\/pages\/141\/revisions"}],"predecessor-version":[{"id":1196,"href":"https:\/\/utubeando.com\/index.php\/wp-json\/wp\/v2\/pages\/141\/revisions\/1196"}],"wp:attachment":[{"href":"https:\/\/utubeando.com\/index.php\/wp-json\/wp\/v2\/media?parent=141"}],"curies":[{"name":"wp","href":"https:\/\/api.w.org\/{rel}","templated":true}]}}