{"id":1133,"date":"2024-11-26T01:38:35","date_gmt":"2024-11-26T06:38:35","guid":{"rendered":"https:\/\/utubeando.com\/?page_id=1133"},"modified":"2024-11-26T16:33:46","modified_gmt":"2024-11-26T21:33:46","slug":"utubeando-demo","status":"publish","type":"page","link":"https:\/\/utubeando.com\/index.php\/utubeando-demo\/","title":{"rendered":"UtubeAndo GRATIS"},"content":{"rendered":"<p style=\"text-align: center\"><strong>Bienvenidos a nuestra herramienta DEMO, S\u00f3lo SUSCR\u00cdBETE para obtener cada mes 1 funci\u00f3n GRATIS para tu evaluaci\u00f3n... Este mes podr\u00e1s conocer LA FUNCI\u00d3N \"\/viral\"<\/strong><\/p>\n","protected":false},"excerpt":{"rendered":"<p>Bienvenidos a nuestra herramienta DEMO, S\u00f3lo SUSCR\u00cdBETE para obtener cada mes 1 funci\u00f3n GRATIS para tu evaluaci\u00f3n&#8230; Este mes podr\u00e1s conocer LA FUNCI\u00d3N \u00ab\/viral\u00bb<\/p>\n","protected":false},"author":1,"featured_media":0,"parent":0,"menu_order":0,"comment_status":"closed","ping_status":"closed","template":"","meta":{"_monsterinsights_skip_tracking":false,"_monsterinsights_sitenote_active":false,"_monsterinsights_sitenote_note":"","_monsterinsights_sitenote_category":0,"footnotes":""},"class_list":["post-1133","page","type-page","status-publish","hentry"],"aioseo_notices":[],"_links":{"self":[{"href":"https:\/\/utubeando.com\/index.php\/wp-json\/wp\/v2\/pages\/1133","targetHints":{"allow":["GET"]}}],"collection":[{"href":"https:\/\/utubeando.com\/index.php\/wp-json\/wp\/v2\/pages"}],"about":[{"href":"https:\/\/utubeando.com\/index.php\/wp-json\/wp\/v2\/types\/page"}],"author":[{"embeddable":true,"href":"https:\/\/utubeando.com\/index.php\/wp-json\/wp\/v2\/users\/1"}],"replies":[{"embeddable":true,"href":"https:\/\/utubeando.com\/index.php\/wp-json\/wp\/v2\/comments?post=1133"}],"version-history":[{"count":8,"href":"https:\/\/utubeando.com\/index.php\/wp-json\/wp\/v2\/pages\/1133\/revisions"}],"predecessor-version":[{"id":1149,"href":"https:\/\/utubeando.com\/index.php\/wp-json\/wp\/v2\/pages\/1133\/revisions\/1149"}],"wp:attachment":[{"href":"https:\/\/utubeando.com\/index.php\/wp-json\/wp\/v2\/media?parent=1133"}],"curies":[{"name":"wp","href":"https:\/\/api.w.org\/{rel}","templated":true}]}}